{"id":17,"date":"2024-04-01T20:37:47","date_gmt":"2024-04-01T20:37:47","guid":{"rendered":"https:\/\/usakkonaksigorta.com.tr\/?page_id=17"},"modified":"2024-04-15T07:07:02","modified_gmt":"2024-04-15T07:07:02","slug":"usak-konak-sigorta","status":"publish","type":"page","link":"https:\/\/usakkonaksigorta.com.tr\/","title":{"rendered":"U\u015fak Konak Sigorta"},"content":{"rendered":"<div class=\"n2_ss_slider_publish__option_code\" dir=\"ltr\" data-mode=\"id\"><\/div>\n<div class=\"n2_ss_slider_publish__option_code\" dir=\"ltr\" data-mode=\"id\"><\/div>\n<div dir=\"ltr\" data-mode=\"id\"><div class=\"su-divider su-divider-style-double\" style=\"margin:15px 0;border-width:3px;border-color:#999999\"><a href=\"#\" style=\"color:#999999\">U\u015fak Konak Sigorta<\/a><\/div><\/div>\n<div dir=\"ltr\" data-mode=\"id\"><strong>HAKKIMIZDA<\/strong><\/div>\n<div dir=\"ltr\" data-mode=\"id\"><\/div>\n<div dir=\"ltr\" data-mode=\"id\">2010 y\u0131l\u0131ndan bu yana sigorta acenteli\u011fi yapmaktay\u0131z. Hepiyi ve T\u00fcrk Nippon Ana Acenteliklerimiz yan\u0131s\u0131ra t\u00fcm Sigorta \u015eirketlerinden poli\u00e7e de\u011ferlendirme ve teklif verme kabiliyetimiz vard\u0131r. M\u00fc\u015fteri memnuniyeti en \u00f6nemli prensibimizdir.<\/div>\n<div dir=\"ltr\" data-mode=\"id\"><div class=\"su-divider su-divider-style-double\" style=\"margin:15px 0;border-width:3px;border-color:#999999\"><a href=\"#\" style=\"color:#999999\">U\u015fak Konak Sigorta<\/a><\/div><\/div>\n<div dir=\"ltr\" data-mode=\"id\"><\/div>\n<p><iframe loading=\"lazy\" style=\"border: 0;\" src=\"https:\/\/www.google.com\/maps\/embed?pb=!1m14!1m8!1m3!1d12459.381100861418!2d29.4049257!3d38.6754238!3m2!1i1024!2i768!4f13.1!3m3!1m2!1s0x14c87fa6c5c1b9f3%3A0xf3777139bcf3049e!2sU%C5%9Fak%20Konak%20Sigorta!5e0!3m2!1str!2str!4v1712047052396!5m2!1str!2str\" width=\"1200\" height=\"450\" allowfullscreen=\"allowfullscreen\"><span style=\"display: inline-block; width: 0px; overflow: hidden; line-height: 0;\" data-mce-type=\"bookmark\" class=\"mce_SELRES_start\">\ufeff<\/span><\/iframe><\/p>\n<p>&nbsp;<\/p>\n","protected":false},"excerpt":{"rendered":"<p>HAKKIMIZDA 2010 y\u0131l\u0131ndan bu yana sigorta acenteli\u011fi yapmaktay\u0131z. Hepiyi ve T\u00fcrk Nippon Ana Acenteliklerimiz yan\u0131s\u0131ra t\u00fcm Sigorta \u015eirketlerinden poli\u00e7e de\u011ferlendirme ve teklif verme kabiliyetimiz vard\u0131r. M\u00fc\u015fteri memnuniyeti en \u00f6nemli prensibimizdir. \ufeff &nbsp;<\/p>\n","protected":false},"author":1,"featured_media":0,"parent":0,"menu_order":0,"comment_status":"closed","ping_status":"closed","template":"templates\/page-fullwidth_template.php","meta":{"_joinchat":[],"footnotes":""},"_links":{"self":[{"href":"https:\/\/usakkonaksigorta.com.tr\/index.php?rest_route=\/wp\/v2\/pages\/17"}],"collection":[{"href":"https:\/\/usakkonaksigorta.com.tr\/index.php?rest_route=\/wp\/v2\/pages"}],"about":[{"href":"https:\/\/usakkonaksigorta.com.tr\/index.php?rest_route=\/wp\/v2\/types\/page"}],"author":[{"embeddable":true,"href":"https:\/\/usakkonaksigorta.com.tr\/index.php?rest_route=\/wp\/v2\/users\/1"}],"replies":[{"embeddable":true,"href":"https:\/\/usakkonaksigorta.com.tr\/index.php?rest_route=%2Fwp%2Fv2%2Fcomments&post=17"}],"version-history":[{"count":19,"href":"https:\/\/usakkonaksigorta.com.tr\/index.php?rest_route=\/wp\/v2\/pages\/17\/revisions"}],"predecessor-version":[{"id":65,"href":"https:\/\/usakkonaksigorta.com.tr\/index.php?rest_route=\/wp\/v2\/pages\/17\/revisions\/65"}],"wp:attachment":[{"href":"https:\/\/usakkonaksigorta.com.tr\/index.php?rest_route=%2Fwp%2Fv2%2Fmedia&parent=17"}],"curies":[{"name":"wp","href":"https:\/\/api.w.org\/{rel}","templated":true}]}}